{"id":7,"date":"2025-05-22T19:37:42","date_gmt":"2025-05-22T17:37:42","guid":{"rendered":"https:\/\/agnieszkakadlubowska.com\/?page_id=7"},"modified":"2025-08-29T22:38:21","modified_gmt":"2025-08-29T20:38:21","slug":"o-mnie","status":"publish","type":"page","link":"https:\/\/agnieszkakadlubowska.com\/","title":{"rendered":"Aktualno\u015bci"},"content":{"rendered":"<div>\n<p>    <img decoding=\"async\" src=\"\/wp-content\/uploads\/2025\/05\/a0787678-9104-4930-8db2-d7973241410a.jpg\" alt=\"Agnieszka Kad\u0142ubowska\"><\/p>\n<h2>Agnieszka Kad\u0142ubowska<\/h2>\n<\/div>\n<div>\n<p>    <img decoding=\"async\" src=\"\/wp-content\/uploads\/2025\/05\/b55479da-c454-42d7-b527-3928908e1ee7.jpg\" alt=\"\"><\/p>\n<h2>Artyku\u0142 w ECHO Katolickie<\/h2>\n<p><span class=\"pl-link-muted\"><time datetime=\"2025-01-16T10:35:59+00:00\">16 stycznia 2025<\/time> | <a href=\"\" ><\/a>#<\/span><\/p>\n<div>&#8222;Opera to moja mi\u0142o\u015b\u0107&#8221;- rozmowa z Agnieszk\u0105 Kad\u0142ubowsk\u0105<\/div>\n<p><a href=\"https:\/\/echokatolickie.pl\/opera-to-moja-milosc\/\">Wi\u0119cej<\/a><\/p>\n<\/div>\n<h2><a href=\"\">O mnie<\/a><\/h2>\n<div>\n<p>        <img decoding=\"async\" src=\"\/wp-content\/uploads\/2025\/05\/DSC8429_4web.jpg\" alt=\"\"><\/p>\n<div>Absolwentka Wydzia\u0142u Wokalno-Aktorskiego w klasie \u015bpiewu prof. Krzysztofa<\/div>\n<p><a href=\"\/index.php\/o-mnie-2\/\">Wi\u0119cej<\/a><\/p>\n<\/div>\n<h2>Cytat dnia<\/h2>\n<blockquote>\n<p>    \u201cAnyone who keeps the ability to see beauty never grows old.\u201c<\/p>\n<footer>\n<p>                <cite>Franz Kafka<\/cite><\/p>\n<\/footer>\n<\/blockquote>\n<h2>\u015aledz mnie<\/h2>\n<ul>\n<li><a href=\"https:\/\/facebook.com\/yootheme\">facebook<\/a>\n<\/li>\n<li><a href=\"http:\/\/instagram.com\">instagram<\/a>\n<\/li>\n<li><a href=\"http:\/\/pinterest.com\">pinterest<\/a>\n<\/li>\n<li><a href=\"\">social<\/a>\n<\/li>\n<li><a href=\"\">social<\/a>\n<\/li>\n<li><a href=\"\">social<\/a>\n<\/li>\n<li><a href=\"\">social<\/a>\n<\/li>\n<\/ul>\n<p><!--more--><br \/>\n<!-- {\"type\":\"layout\",\"children\":[{\"type\":\"section\",\"props\":{\"image_position\":\"center-center\",\"padding\":\"none\",\"style\":\"default\",\"title_breakpoint\":\"xl\",\"title_position\":\"top-left\",\"title_rotation\":\"left\",\"vertical_align\":\"\",\"width\":\"\"},\"children\":[{\"type\":\"row\",\"children\":[{\"type\":\"column\",\"props\":{\"image_position\":\"center-center\",\"position_sticky_breakpoint\":\"m\",\"width_medium\":\"1-1\"},\"children\":[{\"type\":\"slideshow\",\"props\":{\"image_loading\":true,\"image_width\":\"2560\",\"link_style\":\"text\",\"link_text\":\"wi\\u0119cej\",\"margin\":\"default\",\"meta_align\":\"below-title\",\"meta_element\":\"div\",\"meta_style\":\"text-meta\",\"nav\":\"dotnav\",\"nav_align\":\"center\",\"nav_below\":false,\"nav_breakpoint\":\"\",\"nav_position\":\"bottom-center\",\"nav_position_margin\":\"medium\",\"overlay_animation\":\"parallax\",\"overlay_container\":\"default\",\"overlay_position\":\"center-left\",\"overlay_width\":\"large\",\"show_content\":true,\"show_link\":true,\"show_meta\":true,\"show_thumbnail\":true,\"show_title\":true,\"slidenav\":\"default\",\"slidenav_breakpoint\":\"xl\",\"slidenav_hover\":true,\"slidenav_large\":true,\"slidenav_margin\":\"\",\"slidenav_outside_breakpoint\":\"xl\",\"slideshow_autoplay_pause\":true,\"slideshow_height\":\"viewport\",\"slideshow_height_offset_top\":true,\"slideshow_min_height\":300,\"text_color\":\"light\",\"thumbnav_height\":\"75\",\"thumbnav_svg_color\":\"emphasis\",\"thumbnav_width\":\"100\",\"title_element\":\"h2\",\"title_hover_style\":\"reset\",\"title_style\":\"heading-small\"},\"children\":[{\"type\":\"slideshow_item\",\"props\":{\"content\":\"\",\"image\":\"wp-content\\\/uploads\\\/2025\\\/05\\\/a0787678-9104-4930-8db2-d7973241410a.jpg\",\"image_alt\":\"Agnieszka Kad\\u0142ubowska\",\"meta\":\"\",\"title\":\"Agnieszka Kad\\u0142ubowska\"}}]}]}]}],\"name\":\"Featured Posts\"},{\"type\":\"section\",\"props\":{\"image_position\":\"center-center\",\"style\":\"default\",\"title_breakpoint\":\"xl\",\"title_position\":\"top-left\",\"title_rotation\":\"left\",\"vertical_align\":\"\",\"width\":\"default\"},\"children\":[{\"type\":\"row\",\"props\":{\"column_gap\":\"large\",\"layout\":\"3-4,1-4\",\"row_gap\":\"large\"},\"children\":[{\"type\":\"column\",\"props\":{\"image_position\":\"center-center\",\"position_sticky_breakpoint\":\"m\",\"width_medium\":\"3-4\",\"width_small\":\"2-3\"},\"children\":[{\"type\":\"grid\",\"props\":{\"content_column_breakpoint\":\"m\",\"content_margin\":\"medium\",\"filter_align\":\"left\",\"filter_all\":true,\"filter_grid_breakpoint\":\"m\",\"filter_grid_width\":\"auto\",\"filter_position\":\"top\",\"filter_style\":\"tab\",\"grid_default\":\"1\",\"grid_medium\":\"\",\"grid_row_gap\":\"large\",\"icon_width\":80,\"image_align\":\"top\",\"image_grid_breakpoint\":\"m\",\"image_grid_width\":\"1-2\",\"image_link\":true,\"image_svg_color\":\"emphasis\",\"image_width\":\"900\",\"item_animation\":true,\"lightbox_bg_close\":true,\"link_margin\":\"medium\",\"link_style\":\"default\",\"link_target\":false,\"link_text\":\"Wi\\u0119cej\",\"margin\":\"default\",\"meta_align\":\"above-title\",\"meta_color\":\"muted\",\"meta_element\":\"div\",\"meta_margin\":\"large\",\"meta_style\":\"text-meta\",\"parallax_easing\":\"1\",\"show_content\":true,\"show_hover_image\":true,\"show_hover_video\":true,\"show_image\":true,\"show_link\":true,\"show_meta\":true,\"show_title\":true,\"show_video\":true,\"title_align\":\"top\",\"title_element\":\"h2\",\"title_grid_breakpoint\":\"m\",\"title_grid_width\":\"1-2\",\"title_hover_style\":\"reset\",\"title_link\":true,\"title_style\":\"h1\"},\"children\":[{\"type\":\"grid_item\",\"props\":{\"content\":\"\\\"Opera to moja mi\\u0142o\\u015b\\u0107\\\"- rozmowa z Agnieszk\\u0105 Kad\\u0142ubowsk\\u0105\",\"image\":\"wp-content\\\/uploads\\\/2025\\\/05\\\/b55479da-c454-42d7-b527-3928908e1ee7.jpg\",\"item_element\":\"article\",\"link\":\"https:\\\/\\\/echokatolickie.pl\\\/opera-to-moja-milosc\\\/\",\"meta\":\"<span class=\\\"pl-link-muted\\\"><time datetime=\\\"2025-01-16T10:35:59+00:00\\\">16 stycznia 2025<\\\/time> | <a href=\\\"\\\" ><\\\/a>#<\\\/span>\",\"title\":\"Artyku\\u0142 w ECHO Katolickie\"}}]},{\"type\":\"pagination\",\"props\":{\"margin\":\"large\",\"pagination_type\":\"numeric\",\"text_align\":\"center\"}}]},{\"type\":\"column\",\"props\":{\"image_position\":\"center-center\",\"position_sticky_breakpoint\":\"m\",\"width_medium\":\"1-4\",\"width_small\":\"1-3\"},\"children\":[{\"type\":\"headline\",\"props\":{\"content\":\"O mnie\",\"link\":\".\\\/\",\"title_decoration\":\"line\",\"title_element\":\"h2\",\"title_style\":\"h4\"}},{\"type\":\"panel\",\"props\":{\"content\":\"Absolwentka Wydzia\\u0142u Wokalno-Aktorskiego w klasie \\u015bpiewu prof. Krzysztofa\",\"content_column_breakpoint\":\"m\",\"html_element\":\"article\",\"icon_width\":80,\"image\":\"wp-content\\\/uploads\\\/2025\\\/05\\\/DSC8429_4web.jpg\",\"image_align\":\"left\",\"image_grid_breakpoint\":\"s\",\"image_grid_row_gap\":\"medium\",\"image_grid_width\":\"medium\",\"image_svg_color\":\"emphasis\",\"image_vertical_align\":true,\"image_width\":\"610\",\"link\":\"index.php\\\/o-mnie-2\\\/\",\"link_style\":\"text\",\"link_text\":\"Wi\\u0119cej\",\"margin\":\"default\",\"meta_align\":\"below-title\",\"meta_element\":\"div\",\"meta_style\":\"text-meta\",\"title_align\":\"top\",\"title_element\":\"h3\",\"title_grid_breakpoint\":\"m\",\"title_grid_width\":\"1-2\",\"title_hover_style\":\"reset\"}},{\"type\":\"headline\",\"props\":{\"content\":\"Cytat dnia\",\"title_decoration\":\"line\",\"title_element\":\"h2\",\"title_style\":\"h4\"}},{\"type\":\"quotation\",\"props\":{\"author\":\"Franz Kafka\",\"class\":\"uk-padding uk-background-muted\",\"content\":\"\\u201cAnyone who keeps the ability to see beauty never grows old.\\u201c\",\"text_align\":\"center\"}},{\"type\":\"headline\",\"props\":{\"content\":\"\\u015aledz mnie\",\"title_decoration\":\"line\",\"title_element\":\"h2\",\"title_style\":\"h4\"}},{\"type\":\"social\",\"props\":{\"grid\":\"horizontal\",\"grid_column_gap\":\"small\",\"grid_row_gap\":\"small\",\"image_svg_inline\":true,\"link_style\":\"button\",\"margin\":\"default\"},\"children\":[{\"type\":\"social_item\",\"props\":{\"link\":\"https:\\\/\\\/facebook.com\\\/yootheme\"}},{\"type\":\"social_item\",\"props\":{\"link\":\"http:\\\/\\\/instagram.com\"}},{\"type\":\"social_item\",\"props\":{\"link\":\"http:\\\/\\\/pinterest.com\"}},{\"type\":\"social_item\",\"props\":{\"icon\":\"youtube\"}},{\"type\":\"social_item\",\"props\":{\"icon\":\"soundcloud\"}},{\"type\":\"social_item\",\"props\":{\"icon\":\"x\"}},{\"type\":\"social_item\"}]}]}]}],\"name\":\"Posts\"}],\"version\":\"4.5.25\"} --><\/p>\n","protected":false},"excerpt":{"rendered":"<p>Agnieszka Kad\u0142ubowska Artyku\u0142 w ECHO Katolickie 16 stycznia 2025 | # &#8222;Opera to moja mi\u0142o\u015b\u0107&#8221;- rozmowa z Agnieszk\u0105 Kad\u0142ubowsk\u0105 Wi\u0119cej O mnie Absolwentka Wydzia\u0142u Wokalno-Aktorskiego w klasie \u015bpiewu prof. Krzysztofa Wi\u0119cej Cytat dnia \u201cAnyone who keeps the ability to see beauty never grows old.\u201c Franz Kafka \u015aledz mnie facebook instagram pinterest social social social social<\/p>\n","protected":false},"author":1,"featured_media":0,"parent":0,"menu_order":0,"comment_status":"closed","ping_status":"closed","template":"","meta":{"footnotes":""},"class_list":["post-7","page","type-page","status-publish","hentry"],"_links":{"self":[{"href":"https:\/\/agnieszkakadlubowska.com\/index.php\/wp-json\/wp\/v2\/pages\/7","targetHints":{"allow":["GET"]}}],"collection":[{"href":"https:\/\/agnieszkakadlubowska.com\/index.php\/wp-json\/wp\/v2\/pages"}],"about":[{"href":"https:\/\/agnieszkakadlubowska.com\/index.php\/wp-json\/wp\/v2\/types\/page"}],"author":[{"embeddable":true,"href":"https:\/\/agnieszkakadlubowska.com\/index.php\/wp-json\/wp\/v2\/users\/1"}],"replies":[{"embeddable":true,"href":"https:\/\/agnieszkakadlubowska.com\/index.php\/wp-json\/wp\/v2\/comments?post=7"}],"version-history":[{"count":36,"href":"https:\/\/agnieszkakadlubowska.com\/index.php\/wp-json\/wp\/v2\/pages\/7\/revisions"}],"predecessor-version":[{"id":150,"href":"https:\/\/agnieszkakadlubowska.com\/index.php\/wp-json\/wp\/v2\/pages\/7\/revisions\/150"}],"wp:attachment":[{"href":"https:\/\/agnieszkakadlubowska.com\/index.php\/wp-json\/wp\/v2\/media?parent=7"}],"curies":[{"name":"wp","href":"https:\/\/api.w.org\/{rel}","templated":true}]}}